{"id":1505,"date":"2022-03-27T15:45:36","date_gmt":"2022-03-27T15:45:36","guid":{"rendered":"http:\/\/confortplast.ro\/?page_id=1505"},"modified":"2024-07-24T22:45:31","modified_gmt":"2024-07-24T19:45:31","slug":"portofoliu","status":"publish","type":"page","link":"https:\/\/confortplast.ro\/index.php\/portofoliu\/","title":{"rendered":"Portofoliu"},"content":{"rendered":"<p>[vc_row][vc_column icons_position=&#8221;left&#8221;][vc_gallery type=&#8221;image_grid&#8221; images=&#8221;1704,1702,1701,1700,1699,1698,1697,1696,1695,1694,1693,1692,1691,1690,1689,1688,1687,1686,1685,1684,1683,1681,1679,1678,1677,1676&#8243;][\/vc_column][\/vc_row][vc_row][vc_column icons_position=&#8221;left&#8221;][vc_video link=&#8221;https:\/\/www.youtube.com\/watch?v=bEzsHhb_fSs&#8221; align=&#8221;center&#8221; title=&#8221;T\u00e2mpl\u0103rie PVC Ia\u0219i &#8211; Salamander bluEvolution, pachet sticl\u0103 tripan. Rulouri exterioare automatizate&#8221;][\/vc_column][\/vc_row][vc_row][vc_column icons_position=&#8221;left&#8221;][vc_column_text]<span class=\"yt-core-attributed-string yt-core-attributed-string--white-space-pre-wrap\" dir=\"auto\"><span class=\"yt-core-attributed-string--link-inherit-color\" dir=\"auto\">T\u00e2mpl\u0103rie PVC \ud83d\udd35 Ferestre \u0219i U\u0219i Pentru aceast\u0103 superb\u0103 cas\u0103 am folosit profilul bluEvolution 92 mm, culoare exterioar\u0103 Tiama \u0219i interior Weiss Antik. <\/span><\/span><\/p>\n<p><span class=\"yt-core-attributed-string yt-core-attributed-string--white-space-pre-wrap\" dir=\"auto\"><span class=\"yt-core-attributed-string--link-inherit-color\" dir=\"auto\">Pachetul de sticl\u0103 tripan 60 mm (441Planistar Sun Plus + F 6mm + 551 Lowe) cu baghet\u0103 cald\u0103. <\/span><\/span><\/p>\n<p><span class=\"yt-core-attributed-string yt-core-attributed-string--white-space-pre-wrap\" dir=\"auto\"><span class=\"yt-core-attributed-string--link-inherit-color\" dir=\"auto\">Arm\u0103tura zincat\u0103 de 2 mm, feronerie tip V, Roto NX cu protec\u021bie antiefrac\u021bie RC 2. <\/span><\/span><\/p>\n<p><span class=\"yt-core-attributed-string yt-core-attributed-string--white-space-pre-wrap\" dir=\"auto\"><span class=\"yt-core-attributed-string--link-inherit-color\" dir=\"auto\">T\u00e2mpl\u0103ria PVC este prev\u0103zut\u0103 cu rulouri exterioare dotate cu motoare Somfy RS 100 Hibryd destinate imobilelor echipate cu sisteme inteligente de management al cl\u0103dirii. <\/span><\/span><\/p>\n<p><span class=\"yt-core-attributed-string yt-core-attributed-string--white-space-pre-wrap\" dir=\"auto\"><span class=\"yt-core-attributed-string--link-inherit-color\" dir=\"auto\">Garan\u021bie 5 ani! Confortul \u0219i durabilitatea la \u00eendem\u00e2na ta\u2757\ufe0f <\/span><\/span><\/p>\n<p><span class=\"yt-core-attributed-string yt-core-attributed-string--white-space-pre-wrap\" dir=\"auto\"><span class=\"yt-core-attributed-string--link-inherit-color\" dir=\"auto\">Confort Plast Plus T\u00e2mplarie PVC\/Aluminiu modern\u0103 \u0219i confortabil\u0103. Bucura-te de un confort termic ridicat \u0219i un consum energetic sc\u0103zut!<\/span><\/span>[\/vc_column_text][\/vc_column][\/vc_row][vc_row][vc_column icons_position=&#8221;left&#8221;][vc_video link=&#8221;https:\/\/www.youtube.com\/watch?v=YddB1qEgVtc&#8221; align=&#8221;center&#8221; title=&#8221;T\u00e2mpl\u0103rie PVC Ia\u0219i &#8211; Salamander bluEvolution gri antracit. Pachet sticl\u0103 tripan. Plase anti-insecte&#8221;][\/vc_column][\/vc_row][vc_row][vc_column icons_position=&#8221;left&#8221;][vc_column_text]<span class=\"yt-core-attributed-string yt-core-attributed-string--white-space-pre-wrap\" dir=\"auto\"><span class=\"yt-core-attributed-string--link-inherit-color\" dir=\"auto\">T\u00e2mpl\u0103rie PVC Salamander bluEvolution 92 mm, gri antracit, cu pachet de sticl\u0103 tripan de 52 mm ( 4S 6 mm + F 4 mm + Low-e 6 mm) cu argon. <\/span><\/span><\/p>\n<p><span class=\"yt-core-attributed-string yt-core-attributed-string--white-space-pre-wrap\" dir=\"auto\"><span class=\"yt-core-attributed-string--link-inherit-color\" dir=\"auto\">Pachetul de sticl\u0103 este prev\u0103zut cu baghet\u0103 ornamental\u0103 de 18 mm, la culoarea t\u00e2mpl\u0103riei. <\/span><\/span><\/p>\n<p><span class=\"yt-core-attributed-string yt-core-attributed-string--white-space-pre-wrap\" dir=\"auto\"><span class=\"yt-core-attributed-string--link-inherit-color\" dir=\"auto\">La buc\u0103tarie, ferestrele sunt dotate cu sistem osciloculisant pentru o deschidere c\u00e2t mai ampl\u0103 dar \u0219i eficientizarea spa\u021biului. <\/span><\/span><\/p>\n<p><span class=\"yt-core-attributed-string yt-core-attributed-string--white-space-pre-wrap\" dir=\"auto\"><span class=\"yt-core-attributed-string--link-inherit-color\" dir=\"auto\">Pentru protec\u021bia \u00eempotriva insectelor, clientul nostru a ales doua tipuri de plase: rulou respectiv plisse. Garan\u021bie 5\ufe0f\u20e3 ani. <\/span><\/span><\/p>\n<p><span class=\"yt-core-attributed-string yt-core-attributed-string--white-space-pre-wrap\" dir=\"auto\"><span class=\"yt-core-attributed-string--link-inherit-color\" dir=\"auto\">Bucur\u0103-te de un confort termic ridicat \u0219i un consum energetic sc\u0103zut! <\/span><\/span><\/p>\n<p><span class=\"yt-core-attributed-string yt-core-attributed-string--white-space-pre-wrap\" dir=\"auto\"><span class=\"yt-core-attributed-string--link-inherit-color\" dir=\"auto\">Confortul \u0219i durabilitatea la \u00eendem\u00e2na ta\u2757<br \/>\n<\/span><\/span>[\/vc_column_text][\/vc_column][\/vc_row]<\/p>\n","protected":false},"excerpt":{"rendered":"<p>[vc_row][vc_column icons_position=&#8221;left&#8221;][vc_gallery type=&#8221;image_grid&#8221; images=&#8221;1704,1702,1701,1700,1699,1698,1697,1696,1695,1694,1693,1692,1691,1690,1689,1688,1687,1686,1685,1684,1683,1681,1679,1678,1677,1676&#8243;][\/vc_column][\/vc_row][vc_row][vc_column icons_position=&#8221;left&#8221;][vc_video link=&#8221;https:\/\/www.youtube.com\/watch?v=bEzsHhb_fSs&#8221; align=&#8221;center&#8221; title=&#8221;T\u00e2mpl\u0103rie PVC Ia\u0219i &#8211; Salamander bluEvolution, pachet sticl\u0103 tripan. Rulouri exterioare automatizate&#8221;][\/vc_column][\/vc_row][vc_row][vc_column icons_position=&#8221;left&#8221;][vc_column_text]T\u00e2mpl\u0103rie PVC \ud83d\udd35 Ferestre \u0219i U\u0219i Pentru aceast\u0103 superb\u0103 cas\u0103 am folosit profilul bluEvolution 92 mm, culoare exterioar\u0103 Tiama \u0219i interior Weiss Antik. Pachetul de sticl\u0103 tripan 60 mm (441Planistar Sun Plus + F 6mm + 551 Lowe) cu baghet\u0103 cald\u0103.&hellip;<\/p>\n","protected":false},"author":1,"featured_media":0,"parent":0,"menu_order":0,"comment_status":"closed","ping_status":"closed","template":"","meta":{"footnotes":""},"class_list":["post-1505","page","type-page","status-publish","hentry"],"yoast_head":"<!-- This site is optimized with the Yoast SEO plugin v19.9 - https:\/\/yoast.com\/wordpress\/plugins\/seo\/ -->\n<title>Portofoliu - Confort Plast Plus<\/title>\n<meta name=\"robots\" content=\"index, follow, max-snippet:-1, max-image-preview:large, max-video-preview:-1\" \/>\n<link rel=\"canonical\" href=\"https:\/\/confortplast.ro\/index.php\/portofoliu\/\" \/>\n<meta property=\"og:locale\" content=\"ro_RO\" \/>\n<meta property=\"og:type\" content=\"article\" \/>\n<meta property=\"og:title\" content=\"Portofoliu - Confort Plast Plus\" \/>\n<meta property=\"og:description\" content=\"[vc_row][vc_column icons_position=&#8221;left&#8221;][vc_gallery type=&#8221;image_grid&#8221; images=&#8221;1704,1702,1701,1700,1699,1698,1697,1696,1695,1694,1693,1692,1691,1690,1689,1688,1687,1686,1685,1684,1683,1681,1679,1678,1677,1676&#8243;][\/vc_column][\/vc_row][vc_row][vc_column icons_position=&#8221;left&#8221;][vc_video link=&#8221;https:\/\/www.youtube.com\/watch?v=bEzsHhb_fSs&#8221; align=&#8221;center&#8221; title=&#8221;T\u00e2mpl\u0103rie PVC Ia\u0219i &#8211; Salamander bluEvolution, pachet sticl\u0103 tripan. Rulouri exterioare automatizate&#8221;][\/vc_column][\/vc_row][vc_row][vc_column icons_position=&#8221;left&#8221;][vc_column_text]T\u00e2mpl\u0103rie PVC \ud83d\udd35 Ferestre \u0219i U\u0219i Pentru aceast\u0103 superb\u0103 cas\u0103 am folosit profilul bluEvolution 92 mm, culoare exterioar\u0103 Tiama \u0219i interior Weiss Antik. Pachetul de sticl\u0103 tripan 60 mm (441Planistar Sun Plus + F 6mm + 551 Lowe) cu baghet\u0103 cald\u0103.&hellip;\" \/>\n<meta property=\"og:url\" content=\"https:\/\/confortplast.ro\/index.php\/portofoliu\/\" \/>\n<meta property=\"og:site_name\" content=\"Confort Plast Plus\" \/>\n<meta property=\"article:publisher\" content=\"https:\/\/www.facebook.com\/ConfortPlast\" \/>\n<meta property=\"article:modified_time\" content=\"2024-07-24T19:45:31+00:00\" \/>\n<meta name=\"twitter:card\" content=\"summary_large_image\" \/>\n<meta name=\"twitter:label1\" content=\"Timp estimat pentru citire\" \/>\n\t<meta name=\"twitter:data1\" content=\"2 minute\" \/>\n<script type=\"application\/ld+json\" class=\"yoast-schema-graph\">{\"@context\":\"https:\/\/schema.org\",\"@graph\":[{\"@type\":\"WebPage\",\"@id\":\"https:\/\/confortplast.ro\/index.php\/portofoliu\/\",\"url\":\"https:\/\/confortplast.ro\/index.php\/portofoliu\/\",\"name\":\"Portofoliu - Confort Plast Plus\",\"isPartOf\":{\"@id\":\"https:\/\/confortplast.ro\/#website\"},\"datePublished\":\"2022-03-27T15:45:36+00:00\",\"dateModified\":\"2024-07-24T19:45:31+00:00\",\"breadcrumb\":{\"@id\":\"https:\/\/confortplast.ro\/index.php\/portofoliu\/#breadcrumb\"},\"inLanguage\":\"ro-RO\",\"potentialAction\":[{\"@type\":\"ReadAction\",\"target\":[\"https:\/\/confortplast.ro\/index.php\/portofoliu\/\"]}]},{\"@type\":\"BreadcrumbList\",\"@id\":\"https:\/\/confortplast.ro\/index.php\/portofoliu\/#breadcrumb\",\"itemListElement\":[{\"@type\":\"ListItem\",\"position\":1,\"name\":\"Home\",\"item\":\"https:\/\/confortplast.ro\/\"},{\"@type\":\"ListItem\",\"position\":2,\"name\":\"Portofoliu\"}]},{\"@type\":\"WebSite\",\"@id\":\"https:\/\/confortplast.ro\/#website\",\"url\":\"https:\/\/confortplast.ro\/\",\"name\":\"Confort Plast Plus\",\"description\":\"Ferestre si usi\",\"publisher\":{\"@id\":\"https:\/\/confortplast.ro\/#organization\"},\"potentialAction\":[{\"@type\":\"SearchAction\",\"target\":{\"@type\":\"EntryPoint\",\"urlTemplate\":\"https:\/\/confortplast.ro\/?s={search_term_string}\"},\"query-input\":\"required name=search_term_string\"}],\"inLanguage\":\"ro-RO\"},{\"@type\":\"Organization\",\"@id\":\"https:\/\/confortplast.ro\/#organization\",\"name\":\"Confort Plast Plus\",\"url\":\"https:\/\/confortplast.ro\/\",\"logo\":{\"@type\":\"ImageObject\",\"inLanguage\":\"ro-RO\",\"@id\":\"https:\/\/confortplast.ro\/#\/schema\/logo\/image\/\",\"url\":\"https:\/\/confortplast.ro\/wp-content\/uploads\/2022\/04\/Confort-Plast-Plus_04.png\",\"contentUrl\":\"https:\/\/confortplast.ro\/wp-content\/uploads\/2022\/04\/Confort-Plast-Plus_04.png\",\"width\":2115,\"height\":470,\"caption\":\"Confort Plast Plus\"},\"image\":{\"@id\":\"https:\/\/confortplast.ro\/#\/schema\/logo\/image\/\"},\"sameAs\":[\"https:\/\/www.facebook.com\/ConfortPlast\"]}]}<\/script>\n<!-- \/ Yoast SEO plugin. -->","yoast_head_json":{"title":"Portofoliu - Confort Plast Plus","robots":{"index":"index","follow":"follow","max-snippet":"max-snippet:-1","max-image-preview":"max-image-preview:large","max-video-preview":"max-video-preview:-1"},"canonical":"https:\/\/confortplast.ro\/index.php\/portofoliu\/","og_locale":"ro_RO","og_type":"article","og_title":"Portofoliu - Confort Plast Plus","og_description":"[vc_row][vc_column icons_position=&#8221;left&#8221;][vc_gallery type=&#8221;image_grid&#8221; images=&#8221;1704,1702,1701,1700,1699,1698,1697,1696,1695,1694,1693,1692,1691,1690,1689,1688,1687,1686,1685,1684,1683,1681,1679,1678,1677,1676&#8243;][\/vc_column][\/vc_row][vc_row][vc_column icons_position=&#8221;left&#8221;][vc_video link=&#8221;https:\/\/www.youtube.com\/watch?v=bEzsHhb_fSs&#8221; align=&#8221;center&#8221; title=&#8221;T\u00e2mpl\u0103rie PVC Ia\u0219i &#8211; Salamander bluEvolution, pachet sticl\u0103 tripan. Rulouri exterioare automatizate&#8221;][\/vc_column][\/vc_row][vc_row][vc_column icons_position=&#8221;left&#8221;][vc_column_text]T\u00e2mpl\u0103rie PVC \ud83d\udd35 Ferestre \u0219i U\u0219i Pentru aceast\u0103 superb\u0103 cas\u0103 am folosit profilul bluEvolution 92 mm, culoare exterioar\u0103 Tiama \u0219i interior Weiss Antik. Pachetul de sticl\u0103 tripan 60 mm (441Planistar Sun Plus + F 6mm + 551 Lowe) cu baghet\u0103 cald\u0103.&hellip;","og_url":"https:\/\/confortplast.ro\/index.php\/portofoliu\/","og_site_name":"Confort Plast Plus","article_publisher":"https:\/\/www.facebook.com\/ConfortPlast","article_modified_time":"2024-07-24T19:45:31+00:00","twitter_card":"summary_large_image","twitter_misc":{"Timp estimat pentru citire":"2 minute"},"schema":{"@context":"https:\/\/schema.org","@graph":[{"@type":"WebPage","@id":"https:\/\/confortplast.ro\/index.php\/portofoliu\/","url":"https:\/\/confortplast.ro\/index.php\/portofoliu\/","name":"Portofoliu - Confort Plast Plus","isPartOf":{"@id":"https:\/\/confortplast.ro\/#website"},"datePublished":"2022-03-27T15:45:36+00:00","dateModified":"2024-07-24T19:45:31+00:00","breadcrumb":{"@id":"https:\/\/confortplast.ro\/index.php\/portofoliu\/#breadcrumb"},"inLanguage":"ro-RO","potentialAction":[{"@type":"ReadAction","target":["https:\/\/confortplast.ro\/index.php\/portofoliu\/"]}]},{"@type":"BreadcrumbList","@id":"https:\/\/confortplast.ro\/index.php\/portofoliu\/#breadcrumb","itemListElement":[{"@type":"ListItem","position":1,"name":"Home","item":"https:\/\/confortplast.ro\/"},{"@type":"ListItem","position":2,"name":"Portofoliu"}]},{"@type":"WebSite","@id":"https:\/\/confortplast.ro\/#website","url":"https:\/\/confortplast.ro\/","name":"Confort Plast Plus","description":"Ferestre si usi","publisher":{"@id":"https:\/\/confortplast.ro\/#organization"},"potentialAction":[{"@type":"SearchAction","target":{"@type":"EntryPoint","urlTemplate":"https:\/\/confortplast.ro\/?s={search_term_string}"},"query-input":"required name=search_term_string"}],"inLanguage":"ro-RO"},{"@type":"Organization","@id":"https:\/\/confortplast.ro\/#organization","name":"Confort Plast Plus","url":"https:\/\/confortplast.ro\/","logo":{"@type":"ImageObject","inLanguage":"ro-RO","@id":"https:\/\/confortplast.ro\/#\/schema\/logo\/image\/","url":"https:\/\/confortplast.ro\/wp-content\/uploads\/2022\/04\/Confort-Plast-Plus_04.png","contentUrl":"https:\/\/confortplast.ro\/wp-content\/uploads\/2022\/04\/Confort-Plast-Plus_04.png","width":2115,"height":470,"caption":"Confort Plast Plus"},"image":{"@id":"https:\/\/confortplast.ro\/#\/schema\/logo\/image\/"},"sameAs":["https:\/\/www.facebook.com\/ConfortPlast"]}]}},"_links":{"self":[{"href":"https:\/\/confortplast.ro\/index.php\/wp-json\/wp\/v2\/pages\/1505","targetHints":{"allow":["GET"]}}],"collection":[{"href":"https:\/\/confortplast.ro\/index.php\/wp-json\/wp\/v2\/pages"}],"about":[{"href":"https:\/\/confortplast.ro\/index.php\/wp-json\/wp\/v2\/types\/page"}],"author":[{"embeddable":true,"href":"https:\/\/confortplast.ro\/index.php\/wp-json\/wp\/v2\/users\/1"}],"replies":[{"embeddable":true,"href":"https:\/\/confortplast.ro\/index.php\/wp-json\/wp\/v2\/comments?post=1505"}],"version-history":[{"count":9,"href":"https:\/\/confortplast.ro\/index.php\/wp-json\/wp\/v2\/pages\/1505\/revisions"}],"predecessor-version":[{"id":1786,"href":"https:\/\/confortplast.ro\/index.php\/wp-json\/wp\/v2\/pages\/1505\/revisions\/1786"}],"wp:attachment":[{"href":"https:\/\/confortplast.ro\/index.php\/wp-json\/wp\/v2\/media?parent=1505"}],"curies":[{"name":"wp","href":"https:\/\/api.w.org\/{rel}","templated":true}]}}