{"id":1707,"date":"2022-07-21T10:51:31","date_gmt":"2022-07-21T10:51:31","guid":{"rendered":"http:\/\/confortplast.ro\/?page_id=1707"},"modified":"2022-07-21T10:51:31","modified_gmt":"2022-07-21T10:51:31","slug":"politica-de-confidentialitate","status":"publish","type":"page","link":"https:\/\/confortplast.ro\/index.php\/politica-de-confidentialitate\/","title":{"rendered":"POLITICA DE CONFIDENTIALITATE"},"content":{"rendered":"<p>[vc_row][vc_column icons_position=&#8221;left&#8221;][vc_column_text]Toate datele personale pe care ni le furniza\u021bi \u00een calitate de utilizator\/vizitator beneficiaz\u0103 de prelucrare numai \u00een scopul oferirii \u00een condi\u021bii optime a serviciilor asociate site-ului www.confortplast.ro<\/p>\n<p>Site-ul <a href=\"http:\/\/www.confortplast.ro\">www.confortplast.ro<\/a> de este operat de:<\/p>\n<p>SC CONFORT PLAST PLUS SRL<\/p>\n<p>Numarul din Registrul Comertului: J22\/702\/2020<\/p>\n<p>Cod Unic de Inregistrare: RO42346094<\/p>\n<p>Capital social: 200 lei<\/p>\n<p>Punct de lucru: \u0218oseaua Bucium nr 46 &#8211; Ia\u0219i<\/p>\n<p>Prin completarea formularului de transmitere intrebari de pe site, prin contactarea telefonica, email sau retele de socializare, utilizatorul declar\u0103 c\u0103 \u00ee\u0219i d\u0103, \u00een mod expres \u0219i neechivoc, consim\u021b\u0103m\u00e2ntul c\u0103 datele sale cu caracter personal s\u0103 fie prelucrate \u0219i folosite \u00een viitor de c\u0103tre administratorii www.confortplast.ro in urmatoarele scopuri:<\/p>\n<p>Stabilirea contactului cu clien\u021bii;<\/p>\n<p>Transmiterea de mesaje non-comerciale sau de tip administrativ<\/p>\n<p>Dac\u0103 ave\u021bi \u00eentreb\u0103ri sau nel\u0103muriri \u00een leg\u0103tur\u0103 cu ace\u0219ti termeni de confiden\u021bialitate, daca doriti ca datele dvs. cu caracter personal sa fie sterse, nu ezita\u021bi s\u0103 ne contacta\u021bi prin intermediul formularului dedicat de contact sau la adresa de email office.confortplast@gmail.com<\/p>\n<p>Am actualizat politica firmei pentru a integra \u00een acestea si \u00een activitatea noastra cele mai recente modific\u0103ri propuse de Regulamentul (UE) 2016\/679 privind protec\u021bia persoanelor fizice \u00een ceea ce prive\u0219te prelucrarea datelor cu caracter personal \u0219i privind libera circula\u021bie a acestor date (Regulamentul GDPR). Un acord detaliat de prelucrare a datelor cu caracter personal il veti primi in format tiparit in momentul vizitei la sediul firmei.[\/vc_column_text][\/vc_column][\/vc_row]<\/p>\n","protected":false},"excerpt":{"rendered":"<p>[vc_row][vc_column icons_position=&#8221;left&#8221;][vc_column_text]Toate datele personale pe care ni le furniza\u021bi \u00een calitate de utilizator\/vizitator beneficiaz\u0103 de prelucrare numai \u00een scopul oferirii \u00een condi\u021bii optime a serviciilor asociate site-ului www.confortplast.ro Site-ul www.confortplast.ro de este operat de: SC CONFORT PLAST PLUS SRL Numarul din Registrul Comertului: J22\/702\/2020 Cod Unic de Inregistrare: RO42346094 Capital social: 200 lei Punct de lucru: \u0218oseaua Bucium nr 46&hellip;<\/p>\n","protected":false},"author":1,"featured_media":0,"parent":0,"menu_order":0,"comment_status":"closed","ping_status":"closed","template":"","meta":{"footnotes":""},"class_list":["post-1707","page","type-page","status-publish","hentry"],"yoast_head":"<!-- This site is optimized with the Yoast SEO plugin v19.9 - https:\/\/yoast.com\/wordpress\/plugins\/seo\/ -->\n<title>POLITICA DE CONFIDENTIALITATE - Confort Plast Plus<\/title>\n<meta name=\"robots\" content=\"index, follow, max-snippet:-1, max-image-preview:large, max-video-preview:-1\" \/>\n<link rel=\"canonical\" href=\"https:\/\/confortplast.ro\/index.php\/politica-de-confidentialitate\/\" \/>\n<meta property=\"og:locale\" content=\"ro_RO\" \/>\n<meta property=\"og:type\" content=\"article\" \/>\n<meta property=\"og:title\" content=\"POLITICA DE CONFIDENTIALITATE - Confort Plast Plus\" \/>\n<meta property=\"og:description\" content=\"[vc_row][vc_column icons_position=&#8221;left&#8221;][vc_column_text]Toate datele personale pe care ni le furniza\u021bi \u00een calitate de utilizator\/vizitator beneficiaz\u0103 de prelucrare numai \u00een scopul oferirii \u00een condi\u021bii optime a serviciilor asociate site-ului www.confortplast.ro Site-ul www.confortplast.ro de este operat de: SC CONFORT PLAST PLUS SRL Numarul din Registrul Comertului: J22\/702\/2020 Cod Unic de Inregistrare: RO42346094 Capital social: 200 lei Punct de lucru: \u0218oseaua Bucium nr 46&hellip;\" \/>\n<meta property=\"og:url\" content=\"https:\/\/confortplast.ro\/index.php\/politica-de-confidentialitate\/\" \/>\n<meta property=\"og:site_name\" content=\"Confort Plast Plus\" \/>\n<meta property=\"article:publisher\" content=\"https:\/\/www.facebook.com\/ConfortPlast\" \/>\n<meta name=\"twitter:card\" content=\"summary_large_image\" \/>\n<meta name=\"twitter:label1\" content=\"Timp estimat pentru citire\" \/>\n\t<meta name=\"twitter:data1\" content=\"1 minut\" \/>\n<script type=\"application\/ld+json\" class=\"yoast-schema-graph\">{\"@context\":\"https:\/\/schema.org\",\"@graph\":[{\"@type\":\"WebPage\",\"@id\":\"https:\/\/confortplast.ro\/index.php\/politica-de-confidentialitate\/\",\"url\":\"https:\/\/confortplast.ro\/index.php\/politica-de-confidentialitate\/\",\"name\":\"POLITICA DE CONFIDENTIALITATE - Confort Plast Plus\",\"isPartOf\":{\"@id\":\"https:\/\/confortplast.ro\/#website\"},\"datePublished\":\"2022-07-21T10:51:31+00:00\",\"dateModified\":\"2022-07-21T10:51:31+00:00\",\"breadcrumb\":{\"@id\":\"https:\/\/confortplast.ro\/index.php\/politica-de-confidentialitate\/#breadcrumb\"},\"inLanguage\":\"ro-RO\",\"potentialAction\":[{\"@type\":\"ReadAction\",\"target\":[\"https:\/\/confortplast.ro\/index.php\/politica-de-confidentialitate\/\"]}]},{\"@type\":\"BreadcrumbList\",\"@id\":\"https:\/\/confortplast.ro\/index.php\/politica-de-confidentialitate\/#breadcrumb\",\"itemListElement\":[{\"@type\":\"ListItem\",\"position\":1,\"name\":\"Home\",\"item\":\"https:\/\/confortplast.ro\/\"},{\"@type\":\"ListItem\",\"position\":2,\"name\":\"POLITICA DE CONFIDENTIALITATE\"}]},{\"@type\":\"WebSite\",\"@id\":\"https:\/\/confortplast.ro\/#website\",\"url\":\"https:\/\/confortplast.ro\/\",\"name\":\"Confort Plast Plus\",\"description\":\"Ferestre si usi\",\"publisher\":{\"@id\":\"https:\/\/confortplast.ro\/#organization\"},\"potentialAction\":[{\"@type\":\"SearchAction\",\"target\":{\"@type\":\"EntryPoint\",\"urlTemplate\":\"https:\/\/confortplast.ro\/?s={search_term_string}\"},\"query-input\":\"required name=search_term_string\"}],\"inLanguage\":\"ro-RO\"},{\"@type\":\"Organization\",\"@id\":\"https:\/\/confortplast.ro\/#organization\",\"name\":\"Confort Plast Plus\",\"url\":\"https:\/\/confortplast.ro\/\",\"logo\":{\"@type\":\"ImageObject\",\"inLanguage\":\"ro-RO\",\"@id\":\"https:\/\/confortplast.ro\/#\/schema\/logo\/image\/\",\"url\":\"https:\/\/confortplast.ro\/wp-content\/uploads\/2022\/04\/Confort-Plast-Plus_04.png\",\"contentUrl\":\"https:\/\/confortplast.ro\/wp-content\/uploads\/2022\/04\/Confort-Plast-Plus_04.png\",\"width\":2115,\"height\":470,\"caption\":\"Confort Plast Plus\"},\"image\":{\"@id\":\"https:\/\/confortplast.ro\/#\/schema\/logo\/image\/\"},\"sameAs\":[\"https:\/\/www.facebook.com\/ConfortPlast\"]}]}<\/script>\n<!-- \/ Yoast SEO plugin. -->","yoast_head_json":{"title":"POLITICA DE CONFIDENTIALITATE - Confort Plast Plus","robots":{"index":"index","follow":"follow","max-snippet":"max-snippet:-1","max-image-preview":"max-image-preview:large","max-video-preview":"max-video-preview:-1"},"canonical":"https:\/\/confortplast.ro\/index.php\/politica-de-confidentialitate\/","og_locale":"ro_RO","og_type":"article","og_title":"POLITICA DE CONFIDENTIALITATE - Confort Plast Plus","og_description":"[vc_row][vc_column icons_position=&#8221;left&#8221;][vc_column_text]Toate datele personale pe care ni le furniza\u021bi \u00een calitate de utilizator\/vizitator beneficiaz\u0103 de prelucrare numai \u00een scopul oferirii \u00een condi\u021bii optime a serviciilor asociate site-ului www.confortplast.ro Site-ul www.confortplast.ro de este operat de: SC CONFORT PLAST PLUS SRL Numarul din Registrul Comertului: J22\/702\/2020 Cod Unic de Inregistrare: RO42346094 Capital social: 200 lei Punct de lucru: \u0218oseaua Bucium nr 46&hellip;","og_url":"https:\/\/confortplast.ro\/index.php\/politica-de-confidentialitate\/","og_site_name":"Confort Plast Plus","article_publisher":"https:\/\/www.facebook.com\/ConfortPlast","twitter_card":"summary_large_image","twitter_misc":{"Timp estimat pentru citire":"1 minut"},"schema":{"@context":"https:\/\/schema.org","@graph":[{"@type":"WebPage","@id":"https:\/\/confortplast.ro\/index.php\/politica-de-confidentialitate\/","url":"https:\/\/confortplast.ro\/index.php\/politica-de-confidentialitate\/","name":"POLITICA DE CONFIDENTIALITATE - Confort Plast Plus","isPartOf":{"@id":"https:\/\/confortplast.ro\/#website"},"datePublished":"2022-07-21T10:51:31+00:00","dateModified":"2022-07-21T10:51:31+00:00","breadcrumb":{"@id":"https:\/\/confortplast.ro\/index.php\/politica-de-confidentialitate\/#breadcrumb"},"inLanguage":"ro-RO","potentialAction":[{"@type":"ReadAction","target":["https:\/\/confortplast.ro\/index.php\/politica-de-confidentialitate\/"]}]},{"@type":"BreadcrumbList","@id":"https:\/\/confortplast.ro\/index.php\/politica-de-confidentialitate\/#breadcrumb","itemListElement":[{"@type":"ListItem","position":1,"name":"Home","item":"https:\/\/confortplast.ro\/"},{"@type":"ListItem","position":2,"name":"POLITICA DE CONFIDENTIALITATE"}]},{"@type":"WebSite","@id":"https:\/\/confortplast.ro\/#website","url":"https:\/\/confortplast.ro\/","name":"Confort Plast Plus","description":"Ferestre si usi","publisher":{"@id":"https:\/\/confortplast.ro\/#organization"},"potentialAction":[{"@type":"SearchAction","target":{"@type":"EntryPoint","urlTemplate":"https:\/\/confortplast.ro\/?s={search_term_string}"},"query-input":"required name=search_term_string"}],"inLanguage":"ro-RO"},{"@type":"Organization","@id":"https:\/\/confortplast.ro\/#organization","name":"Confort Plast Plus","url":"https:\/\/confortplast.ro\/","logo":{"@type":"ImageObject","inLanguage":"ro-RO","@id":"https:\/\/confortplast.ro\/#\/schema\/logo\/image\/","url":"https:\/\/confortplast.ro\/wp-content\/uploads\/2022\/04\/Confort-Plast-Plus_04.png","contentUrl":"https:\/\/confortplast.ro\/wp-content\/uploads\/2022\/04\/Confort-Plast-Plus_04.png","width":2115,"height":470,"caption":"Confort Plast Plus"},"image":{"@id":"https:\/\/confortplast.ro\/#\/schema\/logo\/image\/"},"sameAs":["https:\/\/www.facebook.com\/ConfortPlast"]}]}},"_links":{"self":[{"href":"https:\/\/confortplast.ro\/index.php\/wp-json\/wp\/v2\/pages\/1707","targetHints":{"allow":["GET"]}}],"collection":[{"href":"https:\/\/confortplast.ro\/index.php\/wp-json\/wp\/v2\/pages"}],"about":[{"href":"https:\/\/confortplast.ro\/index.php\/wp-json\/wp\/v2\/types\/page"}],"author":[{"embeddable":true,"href":"https:\/\/confortplast.ro\/index.php\/wp-json\/wp\/v2\/users\/1"}],"replies":[{"embeddable":true,"href":"https:\/\/confortplast.ro\/index.php\/wp-json\/wp\/v2\/comments?post=1707"}],"version-history":[{"count":2,"href":"https:\/\/confortplast.ro\/index.php\/wp-json\/wp\/v2\/pages\/1707\/revisions"}],"predecessor-version":[{"id":1709,"href":"https:\/\/confortplast.ro\/index.php\/wp-json\/wp\/v2\/pages\/1707\/revisions\/1709"}],"wp:attachment":[{"href":"https:\/\/confortplast.ro\/index.php\/wp-json\/wp\/v2\/media?parent=1707"}],"curies":[{"name":"wp","href":"https:\/\/api.w.org\/{rel}","templated":true}]}}