{"id":171,"date":"2017-09-26T08:06:05","date_gmt":"2017-09-26T08:06:05","guid":{"rendered":"http:\/\/confortplast.ro\/?page_id=171"},"modified":"2022-08-23T19:04:49","modified_gmt":"2022-08-23T16:04:49","slug":"contacts","status":"publish","type":"page","link":"https:\/\/confortplast.ro\/index.php\/contacts\/","title":{"rendered":"Contact"},"content":{"rendered":"<p>[vc_row][vc_column icons_position=&#8221;left&#8221;][vc_empty_space alter_height=&#8221;medium&#8221; hide_on_desktop=&#8221;&#8221; hide_on_notebook=&#8221;&#8221; hide_on_tablet=&#8221;&#8221; hide_on_mobile=&#8221;&#8221; css=&#8221;.vc_custom_1511965663068{margin-top: 1.5rem !important;}&#8221;]<div id=\"\"\r\n\t\tclass=\"sc_title color_style_default sc_title_default\"><h6 class=\"sc_item_subtitle sc_title_subtitle sc_align_center sc_item_title_style_default\">\u00ce\u021bi garant\u0103m lucr\u0103ri de calitate pentru confortul t\u0103u!  FERESTRE \u0218I U\u0218I<\/h6><h3 class=\"sc_item_title sc_title_title sc_align_center sc_item_title_style_default\">Contacteaz\u0103-ne!<\/h3><\/div><!-- \/.sc_title -->[vc_empty_space alter_height=&#8221;medium&#8221; hide_on_desktop=&#8221;&#8221; hide_on_notebook=&#8221;&#8221; hide_on_tablet=&#8221;&#8221; hide_on_mobile=&#8221;&#8221; css=&#8221;.vc_custom_1511966455990{margin-top: 1.25rem !important;}&#8221;][\/vc_column][\/vc_row][vc_row][vc_column width=&#8221;1\/3&#8243; icons_position=&#8221;left&#8221;]<div id=\"\"\r\n\t\tclass=\"sc_content color_style_default sc_content_default sc_float_center sc_padding_large\"><div class=\"sc_content_container\"><div id=\"\" \r\n\tclass=\"sc_icons sc_icons_default sc_icons_size_small sc_align_center\"><div class=\"sc_icons_item\"><div id=\"_icon-018_message\" class=\"sc_icons_icon sc_icon_type_ icon-018_message\"\r\n\t\t\t\t\t\t\t\t\t\t\t\t><span class=\"sc_icon_type_ icon-018_message\"><\/span><\/div><h4 class=\"sc_icons_item_title\"><span>Trimite un mesaj<\/span><\/h4><\/div><\/div><!-- \/.sc_icons -->[vc_empty_space alter_height=&#8221;small&#8221; hide_on_desktop=&#8221;&#8221; hide_on_notebook=&#8221;&#8221; hide_on_tablet=&#8221;&#8221; hide_on_mobile=&#8221;&#8221;][vc_column_text]<\/p>\n<p style=\"text-align: center;\">Email<\/p>\n<p class=\"trx_addons_uppercase_text\" style=\"text-align: center;\"><a class=\"oajrlxb2 g5ia77u1 qu0x051f esr5mh6w e9989ue4 r7d6kgcz rq0escxv nhd2j8a9 nc684nl6 p7hjln8o kvgmc6g5 cxmmr5t8 oygrvhab hcukyx3x jb3vyjys rz4wbd8a qt6c0cv9 a8nywdso i1ao9s8h esuyzwwr f1sip0of lzcic4wl gpro0wi8 py34i1dx\" tabindex=\"0\" role=\"link\" href=\"mailto:office@confortplast.ro\" target=\"_blank\" rel=\"noopener\">office@confortplast.ro<\/a><\/p>\n<p class=\"trx_addons_uppercase_text\" style=\"text-align: center;\"><a class=\"oajrlxb2 g5ia77u1 qu0x051f esr5mh6w e9989ue4 r7d6kgcz rq0escxv nhd2j8a9 nc684nl6 p7hjln8o kvgmc6g5 cxmmr5t8 oygrvhab hcukyx3x jb3vyjys rz4wbd8a qt6c0cv9 a8nywdso i1ao9s8h esuyzwwr f1sip0of lzcic4wl gpro0wi8 py34i1dx\" tabindex=\"0\" role=\"link\" href=\"mailto:office.confortplast@gmail.com\" target=\"_blank\" rel=\"noopener\">office.confortplast@gmail.com<\/a><\/p>\n<p>[\/vc_column_text]<\/div><\/div><!-- \/.sc_content -->[\/vc_column][vc_column width=&#8221;1\/3&#8243; icons_position=&#8221;left&#8221;]<div id=\"\"\r\n\t\tclass=\"sc_content color_style_default sc_content_default sc_float_center sc_align_center sc_padding_large shadowed\"><div class=\"sc_content_container\"><div id=\"\" \r\n\tclass=\"sc_icons sc_icons_default sc_icons_size_small sc_align_center\"><div class=\"sc_icons_item\"><div id=\"_icon-019_call\" class=\"sc_icons_icon sc_icon_type_ icon-019_call\"\r\n\t\t\t\t\t\t\t\t\t\t\t\t><span class=\"sc_icon_type_ icon-019_call\"><\/span><\/div><h4 class=\"sc_icons_item_title\"><span>Telefon<\/span><\/h4><\/div><\/div><!-- \/.sc_icons -->[vc_empty_space alter_height=&#8221;small&#8221; hide_on_desktop=&#8221;&#8221; hide_on_notebook=&#8221;&#8221; hide_on_tablet=&#8221;&#8221; hide_on_mobile=&#8221;&#8221;][vc_column_text]<\/p>\n<p style=\"text-align: center;\">Sun\u0103-ne la .<\/p>\n<p class=\"trx_addons_uppercase_text\" style=\"text-align: center;\"><span class=\"trx_addons_uppercase_text\"><a href=\"tel:0744 485 230\"><span class=\"d2edcug0 hpfvmrgz qv66sw1b c1et5uql lr9zc1uh a8c37x1j fe6kdd0r mau55g9w c8b282yb keod5gw0 nxhoafnm aigsh9s9 d3f4x2em iv3no6db jq4qci2q a3bd9o3v b1v8xokw oo9gr5id hzawbc8m\" dir=\"auto\"><span class=\"d2edcug0 hpfvmrgz qv66sw1b c1et5uql lr9zc1uh jq4qci2q a3bd9o3v b1v8xokw oo9gr5id\">0744 485 230<\/span><\/span><\/a><\/span><\/p>\n<p>[\/vc_column_text]<\/div><\/div><!-- \/.sc_content -->[\/vc_column][vc_column width=&#8221;1\/3&#8243; icons_position=&#8221;left&#8221;]<div id=\"\"\r\n\t\tclass=\"sc_content color_style_default sc_content_default sc_float_center sc_align_center sc_padding_large\"><div class=\"sc_content_container\"><div id=\"\" \r\n\tclass=\"sc_icons sc_icons_default sc_icons_size_small sc_align_center\"><div class=\"sc_icons_item\"><div id=\"_icon-020_location\" class=\"sc_icons_icon sc_icon_type_ icon-020_location\"\r\n\t\t\t\t\t\t\t\t\t\t\t\t><span class=\"sc_icon_type_ icon-020_location\"><\/span><\/div><h4 class=\"sc_icons_item_title\"><span>Sediu<\/span><\/h4><\/div><\/div><!-- \/.sc_icons -->[vc_empty_space alter_height=&#8221;small&#8221; hide_on_desktop=&#8221;&#8221; hide_on_notebook=&#8221;&#8221; hide_on_tablet=&#8221;&#8221; hide_on_mobile=&#8221;&#8221;][vc_column_text]<\/p>\n<p style=\"text-align: center;\">Program de Luni p\u00e2n\u0103 Vineri de la 08:00 la 17:00.<\/p>\n<p class=\"trx_addons_uppercase_text\" style=\"text-align: center;\"><span class=\"trx_addons_uppercase_text\"><a class=\"oajrlxb2 g5ia77u1 qu0x051f esr5mh6w e9989ue4 r7d6kgcz rq0escxv nhd2j8a9 nc684nl6 p7hjln8o kvgmc6g5 cxmmr5t8 oygrvhab hcukyx3x jb3vyjys rz4wbd8a qt6c0cv9 a8nywdso i1ao9s8h esuyzwwr f1sip0of lzcic4wl gpro0wi8 py34i1dx\" tabindex=\"0\" role=\"link\" href=\"https:\/\/www.google.com\/maps\/dir\/?api=1&amp;destination=47.1258203%2C27.6183551&amp;fbclid=IwAR1zpn5gr_EHrYzeXo5KnYvzKIBswxvpTvmrH8wcMyri1c5yxuRl7YDR_kc\" target=\"_blank\" rel=\"nofollow noopener\"><span class=\"d2edcug0 hpfvmrgz qv66sw1b c1et5uql lr9zc1uh jq4qci2q a3bd9o3v b1v8xokw py34i1dx\"><span class=\"a8c37x1j ni8dbmo4 stjgntxs l9j0dhe7\">Ia\u0219i, \u0218os. Bucium, Nr.46 700283 Iasi, Romania<\/span><\/span><\/a><\/span><\/p>\n<p>[\/vc_column_text]<\/div><\/div><!-- \/.sc_content -->[\/vc_column][\/vc_row][vc_row full_width=&#8221;stretch_row_content_no_spaces&#8221;][vc_column icons_position=&#8221;left&#8221;][vc_empty_space alter_height=&#8221;large&#8221; hide_on_desktop=&#8221;&#8221; hide_on_notebook=&#8221;&#8221; hide_on_tablet=&#8221;&#8221; hide_on_mobile=&#8221;&#8221; css=&#8221;.vc_custom_1511968281934{margin-top: 1.45rem !important;}&#8221;]<div id=\"_wrap\" class=\"sc_googlemap_wrap\"><div id=\"\"\r\n\t\t\tclass=\"sc_googlemap sc_googlemap_default\"\r\n\t\t\t style=\"width:100%;height:498px;\"\t\t\tdata-zoom=\"15\"\r\n\t\t\tdata-style=\"dark\"\r\n\t\t\tdata-cluster-icon=\"\"\r\n        ><iframe\r\n                    src=\"https:\/\/maps.google.com\/maps?t=m&output=embed&iwloc=near&z=15&q=%C8%98oseaua+Bucium+46%2C+Ia%C8%99i\"\r\n                    scrolling=\"no\"\r\n                    marginheight=\"0\"\r\n                    marginwidth=\"0\"\r\n                    frameborder=\"0\"\r\n                    aria-label=\"\"><\/iframe><\/div><\/div><!-- \/.sc_googlemap_wrap -->[\/vc_column][\/vc_row][vc_row hide_bg_image_on_tablet=&#8221;&#8221; hide_bg_image_on_mobile=&#8221;&#8221;][vc_column width=&#8221;2\/3&#8243; icons_position=&#8221;left&#8221; offset=&#8221;vc_col-sm-offset-2&#8243;][vc_empty_space alter_height=&#8221;medium&#8221; hide_on_desktop=&#8221;&#8221; hide_on_notebook=&#8221;&#8221; hide_on_tablet=&#8221;&#8221; hide_on_mobile=&#8221;&#8221; css=&#8221;.vc_custom_1511968401827{margin-top: 1.35rem !important;}&#8221;]<div id=\"\"\r\n\t\tclass=\"sc_title color_style_default sc_title_default  vc_custom_1648391788900\"><h6 class=\"sc_item_subtitle sc_title_subtitle sc_align_center sc_item_title_style_default\">trimite mesaj<\/h6><h3 class=\"sc_item_title sc_title_title sc_align_center sc_item_title_style_default\">Contateaz\u0103-ne!<\/h3><\/div><!-- \/.sc_title --><div role=\"form\" class=\"wpcf7\" id=\"wpcf7-f707-o1\" lang=\"en-US\" dir=\"ltr\">\n<div class=\"screen-reader-response\"><p role=\"status\" aria-live=\"polite\" aria-atomic=\"true\"><\/p> <ul><\/ul><\/div>\n<form action=\"\/index.php\/wp-json\/wp\/v2\/pages\/171#wpcf7-f707-o1\" method=\"post\" class=\"wpcf7-form init\" novalidate=\"novalidate\" data-status=\"init\">\n<div style=\"display: none;\">\n<input type=\"hidden\" name=\"_wpcf7\" value=\"707\" \/>\n<input type=\"hidden\" name=\"_wpcf7_version\" value=\"5.6.4\" \/>\n<input type=\"hidden\" name=\"_wpcf7_locale\" value=\"en_US\" \/>\n<input type=\"hidden\" name=\"_wpcf7_unit_tag\" value=\"wpcf7-f707-o1\" \/>\n<input type=\"hidden\" name=\"_wpcf7_container_post\" value=\"0\" \/>\n<input type=\"hidden\" name=\"_wpcf7_posted_data_hash\" value=\"\" \/>\n<\/div>\n<div class=\"contact_us\">\n<div class=\"flex\">\n<div class='itm row' ><span class=\"wpcf7-form-control-wrap\" data-name=\"your-name\"><input type=\"text\" name=\"your-name\" value=\"\" size=\"40\" class=\"wpcf7-form-control wpcf7-text wpcf7-validates-as-required\" aria-required=\"true\" aria-invalid=\"false\" placeholder=\"Numele:*\" \/><\/span><\/div>\n<div class='itm row'><span class=\"wpcf7-form-control-wrap\" data-name=\"your-email\"><input type=\"text\" name=\"your-email\" value=\"\" size=\"40\" class=\"wpcf7-form-control wpcf7-text wpcf7-validates-as-required\" aria-required=\"true\" aria-invalid=\"false\" placeholder=\"E-mail:*\" \/><\/span><\/div>\n<\/div>\n<div class=''><span class=\"wpcf7-form-control-wrap\" data-name=\"your-message\"><textarea name=\"your-message\" cols=\"40\" rows=\"10\" class=\"wpcf7-form-control wpcf7-textarea wpcf7-validates-as-required\" aria-required=\"true\" aria-invalid=\"false\" placeholder=\"Mesajul tau:*\"><\/textarea><\/span><\/div>\n<p><span class=\"wpcf7-form-control-wrap\" data-name=\"acceptance-157\"><span class=\"wpcf7-form-control wpcf7-acceptance\"><span class=\"wpcf7-list-item\"><label><input type=\"checkbox\" name=\"acceptance-157\" value=\"1\" aria-invalid=\"false\" \/><span class=\"wpcf7-list-item-label\">Sunt de acord ca datele pe care le-am trimis s\u0103 fie colectate \u0219i stocate conform regulamentului GDPR.<\/span><\/label><\/span><\/span><\/span><\/p>\n<div class=\"bt\"><input type=\"submit\" value=\"Trimite mesajul\" class=\"wpcf7-form-control has-spinner wpcf7-submit\" \/><\/div>\n<\/div>\n<div class=\"wpcf7-response-output\" aria-hidden=\"true\"><\/div><\/form><\/div>[vc_empty_space alter_height=&#8221;large&#8221; hide_on_desktop=&#8221;&#8221; hide_on_notebook=&#8221;&#8221; hide_on_tablet=&#8221;&#8221; hide_on_mobile=&#8221;&#8221; css=&#8221;.vc_custom_1511969457061{margin-top: 0.9rem !important;}&#8221;][\/vc_column][\/vc_row]<\/p>\n","protected":false},"excerpt":{"rendered":"<p>[vc_row][vc_column icons_position=&#8221;left&#8221;][vc_empty_space alter_height=&#8221;medium&#8221; hide_on_desktop=&#8221;&#8221; hide_on_notebook=&#8221;&#8221; hide_on_tablet=&#8221;&#8221; hide_on_mobile=&#8221;&#8221; css=&#8221;.vc_custom_1511965663068{margin-top: 1.5rem !important;}&#8221;][vc_empty_space alter_height=&#8221;medium&#8221; hide_on_desktop=&#8221;&#8221; hide_on_notebook=&#8221;&#8221; hide_on_tablet=&#8221;&#8221; hide_on_mobile=&#8221;&#8221; css=&#8221;.vc_custom_1511966455990{margin-top: 1.25rem !important;}&#8221;][\/vc_column][\/vc_row][vc_row][vc_column width=&#8221;1\/3&#8243; icons_position=&#8221;left&#8221;][\/vc_column][vc_column width=&#8221;1\/3&#8243; icons_position=&#8221;left&#8221;][\/vc_column][vc_column width=&#8221;1\/3&#8243; icons_position=&#8221;left&#8221;][\/vc_column][\/vc_row][vc_row full_width=&#8221;stretch_row_content_no_spaces&#8221;][vc_column icons_position=&#8221;left&#8221;][vc_empty_space alter_height=&#8221;large&#8221; hide_on_desktop=&#8221;&#8221; hide_on_notebook=&#8221;&#8221; hide_on_tablet=&#8221;&#8221; hide_on_mobile=&#8221;&#8221; css=&#8221;.vc_custom_1511968281934{margin-top: 1.45rem !important;}&#8221;][\/vc_column][\/vc_row][vc_row hide_bg_image_on_tablet=&#8221;&#8221; hide_bg_image_on_mobile=&#8221;&#8221;][vc_column width=&#8221;2\/3&#8243; icons_position=&#8221;left&#8221; offset=&#8221;vc_col-sm-offset-2&#8243;][vc_empty_space alter_height=&#8221;medium&#8221; hide_on_desktop=&#8221;&#8221; hide_on_notebook=&#8221;&#8221; hide_on_tablet=&#8221;&#8221; hide_on_mobile=&#8221;&#8221; css=&#8221;.vc_custom_1511968401827{margin-top: 1.35rem !important;}&#8221;][vc_empty_space alter_height=&#8221;large&#8221; hide_on_desktop=&#8221;&#8221; hide_on_notebook=&#8221;&#8221; hide_on_tablet=&#8221;&#8221; hide_on_mobile=&#8221;&#8221; css=&#8221;.vc_custom_1511969457061{margin-top: 0.9rem !important;}&#8221;][\/vc_column][\/vc_row]<\/p>\n","protected":false},"author":1,"featured_media":0,"parent":0,"menu_order":0,"comment_status":"closed","ping_status":"closed","template":"","meta":{"footnotes":""},"class_list":["post-171","page","type-page","status-publish","hentry"],"yoast_head":"<!-- This site is optimized with the Yoast SEO plugin v19.9 - https:\/\/yoast.com\/wordpress\/plugins\/seo\/ -->\n<title>Contact - Confort Plast Plus<\/title>\n<meta name=\"robots\" content=\"index, follow, max-snippet:-1, max-image-preview:large, max-video-preview:-1\" \/>\n<link rel=\"canonical\" href=\"https:\/\/confortplast.ro\/index.php\/contacts\/\" \/>\n<meta property=\"og:locale\" content=\"ro_RO\" \/>\n<meta property=\"og:type\" content=\"article\" \/>\n<meta property=\"og:title\" content=\"Contact - Confort Plast Plus\" \/>\n<meta property=\"og:description\" content=\"[vc_row][vc_column icons_position=&#8221;left&#8221;][vc_empty_space alter_height=&#8221;medium&#8221; hide_on_desktop=&#8221;&#8221; hide_on_notebook=&#8221;&#8221; hide_on_tablet=&#8221;&#8221; hide_on_mobile=&#8221;&#8221; css=&#8221;.vc_custom_1511965663068{margin-top: 1.5rem !important;}&#8221;][vc_empty_space alter_height=&#8221;medium&#8221; hide_on_desktop=&#8221;&#8221; hide_on_notebook=&#8221;&#8221; hide_on_tablet=&#8221;&#8221; hide_on_mobile=&#8221;&#8221; css=&#8221;.vc_custom_1511966455990{margin-top: 1.25rem !important;}&#8221;][\/vc_column][\/vc_row][vc_row][vc_column width=&#8221;1\/3&#8243; icons_position=&#8221;left&#8221;][\/vc_column][vc_column width=&#8221;1\/3&#8243; icons_position=&#8221;left&#8221;][\/vc_column][vc_column width=&#8221;1\/3&#8243; icons_position=&#8221;left&#8221;][\/vc_column][\/vc_row][vc_row full_width=&#8221;stretch_row_content_no_spaces&#8221;][vc_column icons_position=&#8221;left&#8221;][vc_empty_space alter_height=&#8221;large&#8221; hide_on_desktop=&#8221;&#8221; hide_on_notebook=&#8221;&#8221; hide_on_tablet=&#8221;&#8221; hide_on_mobile=&#8221;&#8221; css=&#8221;.vc_custom_1511968281934{margin-top: 1.45rem !important;}&#8221;][\/vc_column][\/vc_row][vc_row hide_bg_image_on_tablet=&#8221;&#8221; hide_bg_image_on_mobile=&#8221;&#8221;][vc_column width=&#8221;2\/3&#8243; icons_position=&#8221;left&#8221; offset=&#8221;vc_col-sm-offset-2&#8243;][vc_empty_space alter_height=&#8221;medium&#8221; hide_on_desktop=&#8221;&#8221; hide_on_notebook=&#8221;&#8221; hide_on_tablet=&#8221;&#8221; hide_on_mobile=&#8221;&#8221; css=&#8221;.vc_custom_1511968401827{margin-top: 1.35rem !important;}&#8221;][vc_empty_space alter_height=&#8221;large&#8221; hide_on_desktop=&#8221;&#8221; hide_on_notebook=&#8221;&#8221; hide_on_tablet=&#8221;&#8221; hide_on_mobile=&#8221;&#8221; css=&#8221;.vc_custom_1511969457061{margin-top: 0.9rem !important;}&#8221;][\/vc_column][\/vc_row]\" \/>\n<meta property=\"og:url\" content=\"https:\/\/confortplast.ro\/index.php\/contacts\/\" \/>\n<meta property=\"og:site_name\" content=\"Confort Plast Plus\" \/>\n<meta property=\"article:publisher\" content=\"https:\/\/www.facebook.com\/ConfortPlast\" \/>\n<meta property=\"article:modified_time\" content=\"2022-08-23T16:04:49+00:00\" \/>\n<meta name=\"twitter:card\" content=\"summary_large_image\" \/>\n<meta name=\"twitter:label1\" content=\"Timp estimat pentru citire\" \/>\n\t<meta name=\"twitter:data1\" content=\"3 minute\" \/>\n<script type=\"application\/ld+json\" class=\"yoast-schema-graph\">{\"@context\":\"https:\/\/schema.org\",\"@graph\":[{\"@type\":\"WebPage\",\"@id\":\"https:\/\/confortplast.ro\/index.php\/contacts\/\",\"url\":\"https:\/\/confortplast.ro\/index.php\/contacts\/\",\"name\":\"Contact - Confort Plast Plus\",\"isPartOf\":{\"@id\":\"https:\/\/confortplast.ro\/#website\"},\"datePublished\":\"2017-09-26T08:06:05+00:00\",\"dateModified\":\"2022-08-23T16:04:49+00:00\",\"breadcrumb\":{\"@id\":\"https:\/\/confortplast.ro\/index.php\/contacts\/#breadcrumb\"},\"inLanguage\":\"ro-RO\",\"potentialAction\":[{\"@type\":\"ReadAction\",\"target\":[\"https:\/\/confortplast.ro\/index.php\/contacts\/\"]}]},{\"@type\":\"BreadcrumbList\",\"@id\":\"https:\/\/confortplast.ro\/index.php\/contacts\/#breadcrumb\",\"itemListElement\":[{\"@type\":\"ListItem\",\"position\":1,\"name\":\"Home\",\"item\":\"https:\/\/confortplast.ro\/\"},{\"@type\":\"ListItem\",\"position\":2,\"name\":\"Contact\"}]},{\"@type\":\"WebSite\",\"@id\":\"https:\/\/confortplast.ro\/#website\",\"url\":\"https:\/\/confortplast.ro\/\",\"name\":\"Confort Plast Plus\",\"description\":\"Ferestre si usi\",\"publisher\":{\"@id\":\"https:\/\/confortplast.ro\/#organization\"},\"potentialAction\":[{\"@type\":\"SearchAction\",\"target\":{\"@type\":\"EntryPoint\",\"urlTemplate\":\"https:\/\/confortplast.ro\/?s={search_term_string}\"},\"query-input\":\"required name=search_term_string\"}],\"inLanguage\":\"ro-RO\"},{\"@type\":\"Organization\",\"@id\":\"https:\/\/confortplast.ro\/#organization\",\"name\":\"Confort Plast Plus\",\"url\":\"https:\/\/confortplast.ro\/\",\"logo\":{\"@type\":\"ImageObject\",\"inLanguage\":\"ro-RO\",\"@id\":\"https:\/\/confortplast.ro\/#\/schema\/logo\/image\/\",\"url\":\"https:\/\/confortplast.ro\/wp-content\/uploads\/2022\/04\/Confort-Plast-Plus_04.png\",\"contentUrl\":\"https:\/\/confortplast.ro\/wp-content\/uploads\/2022\/04\/Confort-Plast-Plus_04.png\",\"width\":2115,\"height\":470,\"caption\":\"Confort Plast Plus\"},\"image\":{\"@id\":\"https:\/\/confortplast.ro\/#\/schema\/logo\/image\/\"},\"sameAs\":[\"https:\/\/www.facebook.com\/ConfortPlast\"]}]}<\/script>\n<!-- \/ Yoast SEO plugin. -->","yoast_head_json":{"title":"Contact - Confort Plast Plus","robots":{"index":"index","follow":"follow","max-snippet":"max-snippet:-1","max-image-preview":"max-image-preview:large","max-video-preview":"max-video-preview:-1"},"canonical":"https:\/\/confortplast.ro\/index.php\/contacts\/","og_locale":"ro_RO","og_type":"article","og_title":"Contact - Confort Plast Plus","og_description":"[vc_row][vc_column icons_position=&#8221;left&#8221;][vc_empty_space alter_height=&#8221;medium&#8221; hide_on_desktop=&#8221;&#8221; hide_on_notebook=&#8221;&#8221; hide_on_tablet=&#8221;&#8221; hide_on_mobile=&#8221;&#8221; css=&#8221;.vc_custom_1511965663068{margin-top: 1.5rem !important;}&#8221;][vc_empty_space alter_height=&#8221;medium&#8221; hide_on_desktop=&#8221;&#8221; hide_on_notebook=&#8221;&#8221; hide_on_tablet=&#8221;&#8221; hide_on_mobile=&#8221;&#8221; css=&#8221;.vc_custom_1511966455990{margin-top: 1.25rem !important;}&#8221;][\/vc_column][\/vc_row][vc_row][vc_column width=&#8221;1\/3&#8243; icons_position=&#8221;left&#8221;][\/vc_column][vc_column width=&#8221;1\/3&#8243; icons_position=&#8221;left&#8221;][\/vc_column][vc_column width=&#8221;1\/3&#8243; icons_position=&#8221;left&#8221;][\/vc_column][\/vc_row][vc_row full_width=&#8221;stretch_row_content_no_spaces&#8221;][vc_column icons_position=&#8221;left&#8221;][vc_empty_space alter_height=&#8221;large&#8221; hide_on_desktop=&#8221;&#8221; hide_on_notebook=&#8221;&#8221; hide_on_tablet=&#8221;&#8221; hide_on_mobile=&#8221;&#8221; css=&#8221;.vc_custom_1511968281934{margin-top: 1.45rem !important;}&#8221;][\/vc_column][\/vc_row][vc_row hide_bg_image_on_tablet=&#8221;&#8221; hide_bg_image_on_mobile=&#8221;&#8221;][vc_column width=&#8221;2\/3&#8243; icons_position=&#8221;left&#8221; offset=&#8221;vc_col-sm-offset-2&#8243;][vc_empty_space alter_height=&#8221;medium&#8221; hide_on_desktop=&#8221;&#8221; hide_on_notebook=&#8221;&#8221; hide_on_tablet=&#8221;&#8221; hide_on_mobile=&#8221;&#8221; css=&#8221;.vc_custom_1511968401827{margin-top: 1.35rem !important;}&#8221;][vc_empty_space alter_height=&#8221;large&#8221; hide_on_desktop=&#8221;&#8221; hide_on_notebook=&#8221;&#8221; hide_on_tablet=&#8221;&#8221; hide_on_mobile=&#8221;&#8221; css=&#8221;.vc_custom_1511969457061{margin-top: 0.9rem !important;}&#8221;][\/vc_column][\/vc_row]","og_url":"https:\/\/confortplast.ro\/index.php\/contacts\/","og_site_name":"Confort Plast Plus","article_publisher":"https:\/\/www.facebook.com\/ConfortPlast","article_modified_time":"2022-08-23T16:04:49+00:00","twitter_card":"summary_large_image","twitter_misc":{"Timp estimat pentru citire":"3 minute"},"schema":{"@context":"https:\/\/schema.org","@graph":[{"@type":"WebPage","@id":"https:\/\/confortplast.ro\/index.php\/contacts\/","url":"https:\/\/confortplast.ro\/index.php\/contacts\/","name":"Contact - Confort Plast Plus","isPartOf":{"@id":"https:\/\/confortplast.ro\/#website"},"datePublished":"2017-09-26T08:06:05+00:00","dateModified":"2022-08-23T16:04:49+00:00","breadcrumb":{"@id":"https:\/\/confortplast.ro\/index.php\/contacts\/#breadcrumb"},"inLanguage":"ro-RO","potentialAction":[{"@type":"ReadAction","target":["https:\/\/confortplast.ro\/index.php\/contacts\/"]}]},{"@type":"BreadcrumbList","@id":"https:\/\/confortplast.ro\/index.php\/contacts\/#breadcrumb","itemListElement":[{"@type":"ListItem","position":1,"name":"Home","item":"https:\/\/confortplast.ro\/"},{"@type":"ListItem","position":2,"name":"Contact"}]},{"@type":"WebSite","@id":"https:\/\/confortplast.ro\/#website","url":"https:\/\/confortplast.ro\/","name":"Confort Plast Plus","description":"Ferestre si usi","publisher":{"@id":"https:\/\/confortplast.ro\/#organization"},"potentialAction":[{"@type":"SearchAction","target":{"@type":"EntryPoint","urlTemplate":"https:\/\/confortplast.ro\/?s={search_term_string}"},"query-input":"required name=search_term_string"}],"inLanguage":"ro-RO"},{"@type":"Organization","@id":"https:\/\/confortplast.ro\/#organization","name":"Confort Plast Plus","url":"https:\/\/confortplast.ro\/","logo":{"@type":"ImageObject","inLanguage":"ro-RO","@id":"https:\/\/confortplast.ro\/#\/schema\/logo\/image\/","url":"https:\/\/confortplast.ro\/wp-content\/uploads\/2022\/04\/Confort-Plast-Plus_04.png","contentUrl":"https:\/\/confortplast.ro\/wp-content\/uploads\/2022\/04\/Confort-Plast-Plus_04.png","width":2115,"height":470,"caption":"Confort Plast Plus"},"image":{"@id":"https:\/\/confortplast.ro\/#\/schema\/logo\/image\/"},"sameAs":["https:\/\/www.facebook.com\/ConfortPlast"]}]}},"_links":{"self":[{"href":"https:\/\/confortplast.ro\/index.php\/wp-json\/wp\/v2\/pages\/171","targetHints":{"allow":["GET"]}}],"collection":[{"href":"https:\/\/confortplast.ro\/index.php\/wp-json\/wp\/v2\/pages"}],"about":[{"href":"https:\/\/confortplast.ro\/index.php\/wp-json\/wp\/v2\/types\/page"}],"author":[{"embeddable":true,"href":"https:\/\/confortplast.ro\/index.php\/wp-json\/wp\/v2\/users\/1"}],"replies":[{"embeddable":true,"href":"https:\/\/confortplast.ro\/index.php\/wp-json\/wp\/v2\/comments?post=171"}],"version-history":[{"count":14,"href":"https:\/\/confortplast.ro\/index.php\/wp-json\/wp\/v2\/pages\/171\/revisions"}],"predecessor-version":[{"id":1486,"href":"https:\/\/confortplast.ro\/index.php\/wp-json\/wp\/v2\/pages\/171\/revisions\/1486"}],"wp:attachment":[{"href":"https:\/\/confortplast.ro\/index.php\/wp-json\/wp\/v2\/media?parent=171"}],"curies":[{"name":"wp","href":"https:\/\/api.w.org\/{rel}","templated":true}]}}