{"id":1711,"date":"2022-07-21T10:53:57","date_gmt":"2022-07-21T10:53:57","guid":{"rendered":"http:\/\/confortplast.ro\/?page_id=1711"},"modified":"2022-07-21T10:55:51","modified_gmt":"2022-07-21T10:55:51","slug":"termeni-si-conditii","status":"publish","type":"page","link":"https:\/\/confortplast.ro\/index.php\/termeni-si-conditii\/","title":{"rendered":"TERMENI SI CONDITII"},"content":{"rendered":"<p>[vc_row][vc_column icons_position=&#8221;left&#8221;][vc_column_text]SC CONFORT PLAST PLUS SRL<\/p>\n<p>&nbsp;<\/p>\n<p>Numarul din Registrul Comertului: J22\/702\/2020<\/p>\n<p>Cod Unic de Inregistrare: RO42346094<\/p>\n<p>Capital social: 200 lei<\/p>\n<p>Punct de lucru: \u0218oseaua Bucium nr 46 &#8211; Ia\u0219i<\/p>\n<p>Utilizarea site-ului constituie un acord implicit de respectare a termenilor \u0219i condi\u021biilor enun\u021bate \u00een cuprinsul prezentului document cu toate efectele \u0219i consecin\u021bele ce decurg din aceasta.<\/p>\n<p>Administratorul site-ului SC CONFORT PLAST PLUS SRL \u00eesi rezerv\u0103 dreptul de a modifica \u00een orice moment con\u021binutul acestui acord, f\u0103r\u0103 notificarea prealabil\u0103 a persoanelor care \u00eel utilizeaz\u0103, denumite \u00een continuare \u201cUtilizatori\u201c. Utilizatorii vor avea acces permanent la termenii \u0219i condi\u021biile de utilizare a serviciilor, pentru a le putea consulta \u00een orice moment.<\/p>\n<p>Con\u021binutul site-ului \u0219i drepturile de proprietate intelectual\u0103<\/p>\n<p>Con\u021binutul acestui site nu poate fi utilizat, reprodus, distribuit, transmis, expus, \u00een alte scopuri dec\u00e2t cele expres \u0219i legal permise. Extragerea oric\u0103ror informa\u021bii urmat\u0103 de orice utilizare \u00een scop comercial sau cu scop de prezentare care dep\u0103\u0219e\u0219te sfera copiei private reglementate de lege sau pentru v\u00e2nzare ori licen\u021biere \u0219i f\u0103r\u0103 a avea \u00een prealabil un consim\u021b\u0103m\u00e2nt scris al titularilor drepturilor de proprietate constituie o \u00eenc\u0103lcare a termenilor \u0219i condi\u021biilor.<\/p>\n<p>Este strict interzis folosirea\/utilizarea in orice scop a fotografiilor\/filmelor (sau a parti din aceste fotografii\/filme) si a elementelor grafice (logo, etc) ce se regasesc in site-ul www.confortplast.ro fara acordul scris al administratorului societatii CONFORT PLAST PLUS SRL<\/p>\n<p>Sunte\u021bi de asemenea de acord s\u0103 nu afecta\u021bi \u0219i interfera\u021bi \u00een vreun fel cu elementele de securitate ale site-ului, cu elementele care previn sau restrictioneaz\u0103 utilizarea, copierea unui con\u021binut sau elemente care \u00eent\u0103resc limitele de utilizare a siteului sau a con\u021binutului acestuia.<\/p>\n<p>Administratorul \u00a0CONFORT PLAST PLUS SRL face eforturi permanente pentru a p\u0103stra acurate\u021bea informa\u021biilor de pe site, \u00eens\u0103 uneori acestea pot con\u021bine inadverten\u021be.<\/p>\n<p>Prin folosirea site-ului www.confortplast.ro, utilizatorul se declar\u0103 de acord asupra faptului c\u0103 legile rom\u00e2ne vor guverna Termenii \u0219i condi\u021biile de utilizare \u0219i orice disput\u0103 de orice fel care ar putea s\u0103 apar\u0103 \u00eentre utilizatori \u0219i administratorii www.confortplast.ro sau asocia\u021bii\/partenerii\/afilia\u021bii acestuia. \u00cen cazul unor eventuale conflicte se va \u00eencerca mai \u00eent\u00e2i rezolvarea acestora pe cale amiabil\u0103, iar dac\u0103 rezolvarea pe cale amiabil\u0103 nu va fi posibil\u0103, conflictul va fi solu\u021bionat \u00een instan\u021b\u0103, \u00een conformitate cu legile rom\u00e2ne \u00een vigoare.<\/p>\n<p>Administratorul www.confortplast.ro \u00ee\u0219i rezerv\u0103 dreptul de a modifica structura \u0219i interfata oricarei pagini sau subpagini a site-ului www.confortplast.ro \u00een orice moment \u0219i la orice interval de timp liber ales, av\u00e2nd dreptul de a \u00eentrerupe temporar sau permanent, par\u021bial sau \u00een totalitate serviciile puse la dispozi\u021bia publicului prin intermediul acestui website f\u0103r\u0103 vreo notificare prealabil\u0103 individual\u0103 sau general\u0103.<\/p>\n<p>Dac\u0103 ave\u021bi \u00eentreb\u0103ri sau nel\u0103muriri \u00een leg\u0103tur\u0103 cu ace\u0219ti termeni de utilizare, nu ezita\u021bi s\u0103 ne contacta\u021bi prin intermediul formularului dedicat de contact sau la adresa de email office.confortplast@gmail.com[\/vc_column_text][\/vc_column][\/vc_row]<\/p>\n","protected":false},"excerpt":{"rendered":"<p>[vc_row][vc_column icons_position=&#8221;left&#8221;][vc_column_text]SC CONFORT PLAST PLUS SRL &nbsp; Numarul din Registrul Comertului: J22\/702\/2020 Cod Unic de Inregistrare: RO42346094 Capital social: 200 lei Punct de lucru: \u0218oseaua Bucium nr 46 &#8211; Ia\u0219i Utilizarea site-ului constituie un acord implicit de respectare a termenilor \u0219i condi\u021biilor enun\u021bate \u00een cuprinsul prezentului document cu toate efectele \u0219i consecin\u021bele ce decurg din aceasta. Administratorul site-ului SC CONFORT&hellip;<\/p>\n","protected":false},"author":1,"featured_media":0,"parent":0,"menu_order":0,"comment_status":"closed","ping_status":"closed","template":"","meta":{"footnotes":""},"class_list":["post-1711","page","type-page","status-publish","hentry"],"yoast_head":"<!-- This site is optimized with the Yoast SEO plugin v19.9 - https:\/\/yoast.com\/wordpress\/plugins\/seo\/ -->\n<title>TERMENI SI CONDITII - Confort Plast Plus<\/title>\n<meta name=\"robots\" content=\"index, follow, max-snippet:-1, max-image-preview:large, max-video-preview:-1\" \/>\n<link rel=\"canonical\" href=\"https:\/\/confortplast.ro\/index.php\/termeni-si-conditii\/\" \/>\n<meta property=\"og:locale\" content=\"ro_RO\" \/>\n<meta property=\"og:type\" content=\"article\" \/>\n<meta property=\"og:title\" content=\"TERMENI SI CONDITII - Confort Plast Plus\" \/>\n<meta property=\"og:description\" content=\"[vc_row][vc_column icons_position=&#8221;left&#8221;][vc_column_text]SC CONFORT PLAST PLUS SRL &nbsp; Numarul din Registrul Comertului: J22\/702\/2020 Cod Unic de Inregistrare: RO42346094 Capital social: 200 lei Punct de lucru: \u0218oseaua Bucium nr 46 &#8211; Ia\u0219i Utilizarea site-ului constituie un acord implicit de respectare a termenilor \u0219i condi\u021biilor enun\u021bate \u00een cuprinsul prezentului document cu toate efectele \u0219i consecin\u021bele ce decurg din aceasta. Administratorul site-ului SC CONFORT&hellip;\" \/>\n<meta property=\"og:url\" content=\"https:\/\/confortplast.ro\/index.php\/termeni-si-conditii\/\" \/>\n<meta property=\"og:site_name\" content=\"Confort Plast Plus\" \/>\n<meta property=\"article:publisher\" content=\"https:\/\/www.facebook.com\/ConfortPlast\" \/>\n<meta property=\"article:modified_time\" content=\"2022-07-21T10:55:51+00:00\" \/>\n<meta name=\"twitter:card\" content=\"summary_large_image\" \/>\n<meta name=\"twitter:label1\" content=\"Timp estimat pentru citire\" \/>\n\t<meta name=\"twitter:data1\" content=\"3 minute\" \/>\n<script type=\"application\/ld+json\" class=\"yoast-schema-graph\">{\"@context\":\"https:\/\/schema.org\",\"@graph\":[{\"@type\":\"WebPage\",\"@id\":\"https:\/\/confortplast.ro\/index.php\/termeni-si-conditii\/\",\"url\":\"https:\/\/confortplast.ro\/index.php\/termeni-si-conditii\/\",\"name\":\"TERMENI SI CONDITII - Confort Plast Plus\",\"isPartOf\":{\"@id\":\"https:\/\/confortplast.ro\/#website\"},\"datePublished\":\"2022-07-21T10:53:57+00:00\",\"dateModified\":\"2022-07-21T10:55:51+00:00\",\"breadcrumb\":{\"@id\":\"https:\/\/confortplast.ro\/index.php\/termeni-si-conditii\/#breadcrumb\"},\"inLanguage\":\"ro-RO\",\"potentialAction\":[{\"@type\":\"ReadAction\",\"target\":[\"https:\/\/confortplast.ro\/index.php\/termeni-si-conditii\/\"]}]},{\"@type\":\"BreadcrumbList\",\"@id\":\"https:\/\/confortplast.ro\/index.php\/termeni-si-conditii\/#breadcrumb\",\"itemListElement\":[{\"@type\":\"ListItem\",\"position\":1,\"name\":\"Home\",\"item\":\"https:\/\/confortplast.ro\/\"},{\"@type\":\"ListItem\",\"position\":2,\"name\":\"TERMENI SI CONDITII\"}]},{\"@type\":\"WebSite\",\"@id\":\"https:\/\/confortplast.ro\/#website\",\"url\":\"https:\/\/confortplast.ro\/\",\"name\":\"Confort Plast Plus\",\"description\":\"Ferestre si usi\",\"publisher\":{\"@id\":\"https:\/\/confortplast.ro\/#organization\"},\"potentialAction\":[{\"@type\":\"SearchAction\",\"target\":{\"@type\":\"EntryPoint\",\"urlTemplate\":\"https:\/\/confortplast.ro\/?s={search_term_string}\"},\"query-input\":\"required name=search_term_string\"}],\"inLanguage\":\"ro-RO\"},{\"@type\":\"Organization\",\"@id\":\"https:\/\/confortplast.ro\/#organization\",\"name\":\"Confort Plast Plus\",\"url\":\"https:\/\/confortplast.ro\/\",\"logo\":{\"@type\":\"ImageObject\",\"inLanguage\":\"ro-RO\",\"@id\":\"https:\/\/confortplast.ro\/#\/schema\/logo\/image\/\",\"url\":\"https:\/\/confortplast.ro\/wp-content\/uploads\/2022\/04\/Confort-Plast-Plus_04.png\",\"contentUrl\":\"https:\/\/confortplast.ro\/wp-content\/uploads\/2022\/04\/Confort-Plast-Plus_04.png\",\"width\":2115,\"height\":470,\"caption\":\"Confort Plast Plus\"},\"image\":{\"@id\":\"https:\/\/confortplast.ro\/#\/schema\/logo\/image\/\"},\"sameAs\":[\"https:\/\/www.facebook.com\/ConfortPlast\"]}]}<\/script>\n<!-- \/ Yoast SEO plugin. -->","yoast_head_json":{"title":"TERMENI SI CONDITII - Confort Plast Plus","robots":{"index":"index","follow":"follow","max-snippet":"max-snippet:-1","max-image-preview":"max-image-preview:large","max-video-preview":"max-video-preview:-1"},"canonical":"https:\/\/confortplast.ro\/index.php\/termeni-si-conditii\/","og_locale":"ro_RO","og_type":"article","og_title":"TERMENI SI CONDITII - Confort Plast Plus","og_description":"[vc_row][vc_column icons_position=&#8221;left&#8221;][vc_column_text]SC CONFORT PLAST PLUS SRL &nbsp; Numarul din Registrul Comertului: J22\/702\/2020 Cod Unic de Inregistrare: RO42346094 Capital social: 200 lei Punct de lucru: \u0218oseaua Bucium nr 46 &#8211; Ia\u0219i Utilizarea site-ului constituie un acord implicit de respectare a termenilor \u0219i condi\u021biilor enun\u021bate \u00een cuprinsul prezentului document cu toate efectele \u0219i consecin\u021bele ce decurg din aceasta. Administratorul site-ului SC CONFORT&hellip;","og_url":"https:\/\/confortplast.ro\/index.php\/termeni-si-conditii\/","og_site_name":"Confort Plast Plus","article_publisher":"https:\/\/www.facebook.com\/ConfortPlast","article_modified_time":"2022-07-21T10:55:51+00:00","twitter_card":"summary_large_image","twitter_misc":{"Timp estimat pentru citire":"3 minute"},"schema":{"@context":"https:\/\/schema.org","@graph":[{"@type":"WebPage","@id":"https:\/\/confortplast.ro\/index.php\/termeni-si-conditii\/","url":"https:\/\/confortplast.ro\/index.php\/termeni-si-conditii\/","name":"TERMENI SI CONDITII - Confort Plast Plus","isPartOf":{"@id":"https:\/\/confortplast.ro\/#website"},"datePublished":"2022-07-21T10:53:57+00:00","dateModified":"2022-07-21T10:55:51+00:00","breadcrumb":{"@id":"https:\/\/confortplast.ro\/index.php\/termeni-si-conditii\/#breadcrumb"},"inLanguage":"ro-RO","potentialAction":[{"@type":"ReadAction","target":["https:\/\/confortplast.ro\/index.php\/termeni-si-conditii\/"]}]},{"@type":"BreadcrumbList","@id":"https:\/\/confortplast.ro\/index.php\/termeni-si-conditii\/#breadcrumb","itemListElement":[{"@type":"ListItem","position":1,"name":"Home","item":"https:\/\/confortplast.ro\/"},{"@type":"ListItem","position":2,"name":"TERMENI SI CONDITII"}]},{"@type":"WebSite","@id":"https:\/\/confortplast.ro\/#website","url":"https:\/\/confortplast.ro\/","name":"Confort Plast Plus","description":"Ferestre si usi","publisher":{"@id":"https:\/\/confortplast.ro\/#organization"},"potentialAction":[{"@type":"SearchAction","target":{"@type":"EntryPoint","urlTemplate":"https:\/\/confortplast.ro\/?s={search_term_string}"},"query-input":"required name=search_term_string"}],"inLanguage":"ro-RO"},{"@type":"Organization","@id":"https:\/\/confortplast.ro\/#organization","name":"Confort Plast Plus","url":"https:\/\/confortplast.ro\/","logo":{"@type":"ImageObject","inLanguage":"ro-RO","@id":"https:\/\/confortplast.ro\/#\/schema\/logo\/image\/","url":"https:\/\/confortplast.ro\/wp-content\/uploads\/2022\/04\/Confort-Plast-Plus_04.png","contentUrl":"https:\/\/confortplast.ro\/wp-content\/uploads\/2022\/04\/Confort-Plast-Plus_04.png","width":2115,"height":470,"caption":"Confort Plast Plus"},"image":{"@id":"https:\/\/confortplast.ro\/#\/schema\/logo\/image\/"},"sameAs":["https:\/\/www.facebook.com\/ConfortPlast"]}]}},"_links":{"self":[{"href":"https:\/\/confortplast.ro\/index.php\/wp-json\/wp\/v2\/pages\/1711","targetHints":{"allow":["GET"]}}],"collection":[{"href":"https:\/\/confortplast.ro\/index.php\/wp-json\/wp\/v2\/pages"}],"about":[{"href":"https:\/\/confortplast.ro\/index.php\/wp-json\/wp\/v2\/types\/page"}],"author":[{"embeddable":true,"href":"https:\/\/confortplast.ro\/index.php\/wp-json\/wp\/v2\/users\/1"}],"replies":[{"embeddable":true,"href":"https:\/\/confortplast.ro\/index.php\/wp-json\/wp\/v2\/comments?post=1711"}],"version-history":[{"count":3,"href":"https:\/\/confortplast.ro\/index.php\/wp-json\/wp\/v2\/pages\/1711\/revisions"}],"predecessor-version":[{"id":1714,"href":"https:\/\/confortplast.ro\/index.php\/wp-json\/wp\/v2\/pages\/1711\/revisions\/1714"}],"wp:attachment":[{"href":"https:\/\/confortplast.ro\/index.php\/wp-json\/wp\/v2\/media?parent=1711"}],"curies":[{"name":"wp","href":"https:\/\/api.w.org\/{rel}","templated":true}]}}